{"id":2763,"date":"2017-08-10T14:48:45","date_gmt":"2017-08-10T14:48:45","guid":{"rendered":"https:\/\/mbrrh.com.ar\/es\/home-copy\/"},"modified":"2024-12-19T16:42:17","modified_gmt":"2024-12-19T19:42:17","slug":"nuestro-equipo","status":"publish","type":"page","link":"https:\/\/mbrrh.com.ar\/es\/nuestro-equipo\/","title":{"rendered":"Quienes somos"},"content":{"rendered":"<div class=\"wpb-content-wrapper\"><div   class=\"vc_row wpb_row vc_row-fluid vc_custom_1734374670212  \">\n\t<div  class=\"vc_span6 wpb_column vc_column_container \"><div class=\"vc_column-inner \">\n\t\t<div class=\"wpb_wrapper\">\n\t\t\t<div class=\"vc_empty_space\"   style=\"height: 42px\"><span class=\"vc_empty_space_inner\"><\/span><\/div><h3 style=\"text-align: left\" class=\"vc_custom_heading\" >\u00bfQUIENES SOMOS?<\/h3>\n\t<div class=\"wpb_text_column wpb_content_element   ct_z0tfd12ef56u2cx5d5xe\" >\n\t\t<div class=\"wpb_wrapper\" >\n\t\t\t<p style=\"text-align: left;\"><strong>MBR Recursos Humanos<\/strong><\/p>\n<p style=\"text-align: left;\">Somos Marisa y Mariela, ambas Licenciadas en Psicolog\u00eda.<\/p>\n<p style=\"text-align: left;\">Nos conocimos trabajando en una Consultora de Recursos Humanos, hace varios a\u00f1os\u2026<\/p>\n<p style=\"text-align: left;\">A partir de ese momento se inici\u00f3 un v\u00ednculo que luego se fue forjando y recreando de hermosas experiencias de aprendizaje, como tambi\u00e9n de amistad, de diversi\u00f3n y de momentos positivos y \u00fanicos.<\/p>\n<p style=\"text-align: left;\">Luego cada una sigui\u00f3 por rumbos diferentes siempre en el \u00e1rea, trabajando en consultoras, empresas de servicios, distintas industrias\u2026 y finalmente en 2010 con mucha alegr\u00eda conformamos lo que hoy somos: MBR RH.<\/p>\n<p style=\"text-align: left;\">Nos gusta lo que hacemos, disfrutamos nuestro rol en la interacci\u00f3n con cada una de nuestras empresas clientes.<\/p>\n\n\t\t<\/div> \n\t<\/div> \n\t\t<\/div> <\/div>\n\t<\/div> \n\n\t<div  class=\"vc_span6 wpb_column vc_column_container \"><div class=\"vc_column-inner \">\n\t\t<div class=\"wpb_wrapper\">\n\t\t\t\r\n\t<div  class=\"wpb_single_image wpb_content_element vc_align_left\">\r\n\t\t<div class=\"wpb_wrapper\">\r\n\t\t\t\r\n\t\t\t<div class=\"vc_single_image-wrapper   vc_box_border_grey\"><img decoding=\"async\" class=\"vc_single_image-img \" src=\"https:\/\/mbrrh.com.ar\/es\/wp-content\/uploads\/2024\/12\/Marisa-y-Mariela.jpg\" width=\"500\" height=\"554\" alt=\"\" title=\"\" loading=\"lazy\" \/><\/div>\r\n\t\t<\/div>\r\n\t<\/div>\r\n\n\t\t<\/div> <\/div>\n\t<\/div> \n<\/div><div   class=\"vc_row wpb_row vc_row-fluid vc_custom_1734360877450 full-width-section \">\n\t<div  class=\"vc_span12 wpb_column vc_column_container \"><div class=\"vc_column-inner \">\n\t\t<div class=\"wpb_wrapper\">\n\t\t\t<div class=\"vc_empty_space\"   style=\"height: 32px\"><span class=\"vc_empty_space_inner\"><\/span><\/div><h2 style=\"text-align: left\" class=\"vc_custom_heading\" >NUESTRAS PASIONES<\/h2>\n\t<div class=\"wpb_text_column wpb_content_element   ct_c98xfzucsip0sgekbfa5\" >\n\t\t<div class=\"wpb_wrapper\" >\n\t\t\t<p style=\"text-align: left;\">Caballos y Ballet\u2026<\/p>\n<p style=\"text-align: left;\">Actividades intensas y sumamente diferentes entre s\u00ed, pero ambas comparten la rigurosidad, el m\u00e9todo, el respeto y el disfrute por cabalgar y bailar.<\/p>\n<p style=\"text-align: left;\">As\u00ed somos, cada una con sus preferencias y fortalezas, sentimos que logramos un complemento s\u00f3lido y eficaz que cada d\u00eda nos hace ser mejores en nuestro rol profesional y personal.<\/p>\n\n\t\t<\/div> \n\t<\/div> \n\t\t<\/div> <\/div>\n\t<\/div> \n<\/div><div   class=\"vc_row wpb_row vc_row-fluid vc_custom_1734375113496  \">\n\t<div  class=\"vc_span6 wpb_column vc_column_container \"><div class=\"vc_column-inner vc_custom_1734060678125\">\n\t\t<div class=\"wpb_wrapper\">\n\t\t\t<div class=\"vc_empty_space\"   style=\"height: 32px\"><span class=\"vc_empty_space_inner\"><\/span><\/div>\r\n\t<div  class=\"wpb_single_image wpb_content_element vc_align_center\">\r\n\t\t<div class=\"wpb_wrapper\">\r\n\t\t\t\r\n\t\t\t<div class=\"vc_single_image-wrapper   vc_box_border_grey\"><img decoding=\"async\" width=\"150\" height=\"150\" src=\"https:\/\/mbrrh.com.ar\/es\/wp-content\/uploads\/2024\/12\/Marisa-Beccaria-circulo-150x150.png\" class=\"vc_single_image-img attachment-thumbnail\" alt=\"\" title=\"\" srcset=\"https:\/\/mbrrh.com.ar\/es\/wp-content\/uploads\/2024\/12\/Marisa-Beccaria-circulo-150x150.png 150w, https:\/\/mbrrh.com.ar\/es\/wp-content\/uploads\/2024\/12\/Marisa-Beccaria-circulo-300x300.png 300w, https:\/\/mbrrh.com.ar\/es\/wp-content\/uploads\/2024\/12\/Marisa-Beccaria-circulo-768x768.png 768w, https:\/\/mbrrh.com.ar\/es\/wp-content\/uploads\/2024\/12\/Marisa-Beccaria-circulo-570x570.png 570w, https:\/\/mbrrh.com.ar\/es\/wp-content\/uploads\/2024\/12\/Marisa-Beccaria-circulo-60x60.png 60w, https:\/\/mbrrh.com.ar\/es\/wp-content\/uploads\/2024\/12\/Marisa-Beccaria-circulo.png 480w\" sizes=\"(max-width: 150px) 100vw, 150px\" \/><\/div>\r\n\t\t<\/div>\r\n\t<\/div>\r\n\n\t<div class=\"wpb_text_column wpb_content_element   ct_lpcqa483oyr6tsihrdjl\" >\n\t\t<div class=\"wpb_wrapper\" >\n\t\t\t<p style=\"text-align: center;\"><strong>Marisa Beccaria<\/strong>\u00a0 &#8211; Socia.<\/p>\n<p style=\"text-align: left;\">Licenciada en Psicolog\u00eda. Especialista en Psicodiagnostico de Rorschach, con amplia experiencia en evaluaciones psicolog\u00eda laboral, an\u00e1lisis de potencial y procesos de selecci\u00f3n para posiciones de gerencia y direcci\u00f3n, mandos medios y operativas.<\/p>\n\n\t\t<\/div> \n\t<\/div> \n\t\t<\/div> <\/div>\n\t<\/div> \n\n\t<div  class=\"vc_span6 wpb_column vc_column_container \"><div class=\"vc_column-inner \">\n\t\t<div class=\"wpb_wrapper\">\n\t\t\t<div class=\"vc_empty_space\"   style=\"height: 32px\"><span class=\"vc_empty_space_inner\"><\/span><\/div>\r\n\t<div  class=\"wpb_single_image wpb_content_element vc_align_center\">\r\n\t\t<div class=\"wpb_wrapper\">\r\n\t\t\t\r\n\t\t\t<div class=\"vc_single_image-wrapper   vc_box_border_grey\"><img decoding=\"async\" width=\"150\" height=\"150\" src=\"https:\/\/mbrrh.com.ar\/es\/wp-content\/uploads\/2024\/12\/Mariela-Rabyj-circulo-150x150.png\" class=\"vc_single_image-img attachment-thumbnail\" alt=\"\" title=\"\" srcset=\"https:\/\/mbrrh.com.ar\/es\/wp-content\/uploads\/2024\/12\/Mariela-Rabyj-circulo-150x150.png 150w, https:\/\/mbrrh.com.ar\/es\/wp-content\/uploads\/2024\/12\/Mariela-Rabyj-circulo-300x300.png 300w, https:\/\/mbrrh.com.ar\/es\/wp-content\/uploads\/2024\/12\/Mariela-Rabyj-circulo-768x768.png 768w, https:\/\/mbrrh.com.ar\/es\/wp-content\/uploads\/2024\/12\/Mariela-Rabyj-circulo-570x570.png 570w, https:\/\/mbrrh.com.ar\/es\/wp-content\/uploads\/2024\/12\/Mariela-Rabyj-circulo-60x60.png 60w, https:\/\/mbrrh.com.ar\/es\/wp-content\/uploads\/2024\/12\/Mariela-Rabyj-circulo.png 480w\" sizes=\"(max-width: 150px) 100vw, 150px\" \/><\/div>\r\n\t\t<\/div>\r\n\t<\/div>\r\n\n\t<div class=\"wpb_text_column wpb_content_element   ct_40jqv93g2yc3vl3fcvoq\" >\n\t\t<div class=\"wpb_wrapper\" >\n\t\t\t<p style=\"text-align: center;\"><strong>Mariela Rabyj<\/strong> &#8211;\u00a0 &#8211; Socia.<\/p>\n<p style=\"text-align: left;\">Licenciada en Psicolog\u00eda con amplia experiencia en Recursos Humanos en las \u00e1reas de empleo, capacitaci\u00f3n y desarrollo, desempe\u00f1\u00e1ndome en posiciones Sr y coordinaci\u00f3n en consultoras, empresas de servicios e industrias.<\/p>\n\n\t\t<\/div> \n\t<\/div> \n\t\t<\/div> <\/div>\n\t<\/div> \n<\/div><div   class=\"vc_row wpb_row vc_row-fluid  \">\n\t<div  class=\"vc_span12 wpb_column vc_column_container \"><div class=\"vc_column-inner \">\n\t\t<div class=\"wpb_wrapper\">\n\t\t\t<div class=\"vc_empty_space\"   style=\"height: 32px\"><span class=\"vc_empty_space_inner\"><\/span><\/div>\n\t\t<\/div> <\/div>\n\t<\/div> \n<\/div><div   class=\"vc_row wpb_row vc_row-fluid vc_custom_1734375170013 vc_row-o-content-middle full-width-section \">\n\t<div  class=\"vc_span6 wpb_column vc_column_container \"><div class=\"vc_column-inner \">\n\t\t<div class=\"wpb_wrapper\">\n\t\t\t<h2 style=\"font-size: 18px;color: #FFFFFF;text-align: center;font-family:Montserrat;font-weight:400;font-style:normal\" class=\"vc_custom_heading\" >Nos gusta conocerte de cerca.<br \/>\nConversemos sobre tus desaf\u00edos y c\u00f3mo podemos ayudarte.<\/h2>\n\t\t<\/div> <\/div>\n\t<\/div> \n\n\t<div  class=\"vc_span6 wpb_column vc_column_container \"><div class=\"vc_column-inner \">\n\t\t<div class=\"wpb_wrapper\">\n\t\t\t<style type=\"text\/css\" >#b_hysvxrnilb7joyvsrc0d a{color:#FFFFFF; background:#005D80; border-style:solid; border-color:#FFFFFF; margin-top:0px; margin-bottom:0px;  margin-left:0px; margin-right:0px; font-weight:500; border-radius:0px;}#b_hysvxrnilb7joyvsrc0d a:hover{color:#005D80 ; background:#FFFFFF ; border-color:#FFFFFF;}<\/style><div class=\"ta_center tf_btn_pos\" id=\"b_hysvxrnilb7joyvsrc0d\" ><a class=\"rd_stroke_bt small_rd_bt border_1px  \" href=\"https:\/\/mbrrh.com.ar\/es\/contacto\/\" target=\"\"   >CONVERSAR<\/a><\/div>\n\t\t<\/div> <\/div>\n\t<\/div> \n<\/div>\n<\/div>","protected":false},"excerpt":{"rendered":"<p>\u00bfQUIENES SOMOS? MBR Recursos Humanos Somos Marisa y Mariela, ambas Licenciadas en Psicolog\u00eda. Nos conocimos trabajando en una Consultora de Recursos Humanos, hace varios a\u00f1os\u2026 A partir de ese momento se inici\u00f3 un v\u00ednculo que luego se fue forjando y recreando de hermosas experiencias de aprendizaje, como tambi\u00e9n de amistad, de diversi\u00f3n y de momentos<br \/><a href=\"https:\/\/mbrrh.com.ar\/es\/nuestro-equipo\/\" class=\"more\">Read more<\/a><\/p>\n","protected":false},"author":2,"featured_media":0,"parent":0,"menu_order":0,"comment_status":"closed","ping_status":"closed","template":"","meta":{"footnotes":""},"class_list":["post-2763","page","type-page","status-publish","hentry"],"_links":{"self":[{"href":"https:\/\/mbrrh.com.ar\/es\/wp-json\/wp\/v2\/pages\/2763","targetHints":{"allow":["GET"]}}],"collection":[{"href":"https:\/\/mbrrh.com.ar\/es\/wp-json\/wp\/v2\/pages"}],"about":[{"href":"https:\/\/mbrrh.com.ar\/es\/wp-json\/wp\/v2\/types\/page"}],"author":[{"embeddable":true,"href":"https:\/\/mbrrh.com.ar\/es\/wp-json\/wp\/v2\/users\/2"}],"replies":[{"embeddable":true,"href":"https:\/\/mbrrh.com.ar\/es\/wp-json\/wp\/v2\/comments?post=2763"}],"version-history":[{"count":0,"href":"https:\/\/mbrrh.com.ar\/es\/wp-json\/wp\/v2\/pages\/2763\/revisions"}],"wp:attachment":[{"href":"https:\/\/mbrrh.com.ar\/es\/wp-json\/wp\/v2\/media?parent=2763"}],"curies":[{"name":"wp","href":"https:\/\/api.w.org\/{rel}","templated":true}]}}