{"id":4009,"date":"2024-11-28T18:20:20","date_gmt":"2024-11-28T21:20:20","guid":{"rendered":"http:\/\/www.rd-themes.com\/TheFox\/?page_id=4009"},"modified":"2025-07-04T20:05:12","modified_gmt":"2025-07-04T23:05:12","slug":"contacto","status":"publish","type":"page","link":"https:\/\/mbrrh.com.ar\/es\/contacto\/","title":{"rendered":"Contacto"},"content":{"rendered":"<div class=\"wpb-content-wrapper\"><div   class=\"vc_row wpb_row vc_row-fluid vc_custom_1733873644650  \">\n\t<div  class=\"vc_span6 wpb_column vc_column_container \"><div class=\"vc_column-inner \">\n\t\t<div class=\"wpb_wrapper\">\n\t\t\t<div class=\"vc_empty_space\"   style=\"height: 100px\"><span class=\"vc_empty_space_inner\"><\/span><\/div><h2 style=\"font-size: 22px;color: #4C4C4C;text-align: left;font-family:Montserrat;font-weight:400;font-style:normal\" class=\"vc_custom_heading\" >CU\u00c9NTANOS SOBRE TU EMPRESA O TU CARRERA<\/h2>\n\t<div class=\"wpb_text_column wpb_content_element   ct_2xk4xfi4vhd8hd70lxmy\" >\n\t\t<div class=\"wpb_wrapper\" >\n\t\t\t<p>Juntos podemos crear soluciones \u00fanicas para impulsar tu gesti\u00f3n de talento o encontrar grandes oportunidades en tu carrera profesional.<\/p>\n\n\t\t<\/div> \n\t<\/div> <style type=\"text\/css\" >#rand_65q7x5xn6rubmtosxeo0 {margin-top:0px; margin-bottom:0px; }<\/style><style type='text\/css'> @font-face{font-family: 'st'; src:url('https:\/\/mbrrh.com.ar\/es\/wp-content\/themes\/thefox\/includes\/4k-icons\/icons\/4k-icons-pack04\/icons\/fonts\/st.eot'); src:url('https:\/\/mbrrh.com.ar\/es\/wp-content\/themes\/thefox\/includes\/4k-icons\/icons\/4k-icons-pack04\/icons\/fonts\/st.eot?#iefix') format('embedded-opentype'), url('https:\/\/mbrrh.com.ar\/es\/wp-content\/themes\/thefox\/includes\/4k-icons\/icons\/4k-icons-pack04\/icons\/fonts\/st.woff') format('woff'), url('https:\/\/mbrrh.com.ar\/es\/wp-content\/themes\/thefox\/includes\/4k-icons\/icons\/4k-icons-pack04\/icons\/fonts\/st.ttf') format('truetype'), url('https:\/\/mbrrh.com.ar\/es\/wp-content\/themes\/thefox\/includes\/4k-icons\/icons\/4k-icons-pack04\/icons\/fonts\/st.svg#oi') format('svg'); font-weight: normal; font-style: normal;}#rand_65q7x5xn6rubmtosxeo0 .st-chat-3:before{font-family: 'st'; font-weight: normal; font-style: normal;}#rand_65q7x5xn6rubmtosxeo0 .st-chat-3:before{content: \"\\e042\";}<\/style>\n<a href=\"https:\/\/wa.me\/+5491145406300\" target=\"_blank\" ><div id=\"rand_65q7x5xn6rubmtosxeo0\" class=\"icon_box_si \"><i class=\"st-chat-3\" style=\"color:#005D80;\"><\/i><h3 style=\"color:#222221;\">Mariela Rabyj<\/h3><p style=\"color:#2c3e50\">9 11 4540-6300<\/p><\/div><\/a><div class=\"vc_empty_space\"   style=\"height: 32px\"><span class=\"vc_empty_space_inner\"><\/span><\/div><style type=\"text\/css\" >#rand_hgwgbosrwkorl68006i3 {margin-top:0px; margin-bottom:0px; }<\/style><style type='text\/css'> @font-face{font-family: 'st'; src:url('https:\/\/mbrrh.com.ar\/es\/wp-content\/themes\/thefox\/includes\/4k-icons\/icons\/4k-icons-pack04\/icons\/fonts\/st.eot'); src:url('https:\/\/mbrrh.com.ar\/es\/wp-content\/themes\/thefox\/includes\/4k-icons\/icons\/4k-icons-pack04\/icons\/fonts\/st.eot?#iefix') format('embedded-opentype'), url('https:\/\/mbrrh.com.ar\/es\/wp-content\/themes\/thefox\/includes\/4k-icons\/icons\/4k-icons-pack04\/icons\/fonts\/st.woff') format('woff'), url('https:\/\/mbrrh.com.ar\/es\/wp-content\/themes\/thefox\/includes\/4k-icons\/icons\/4k-icons-pack04\/icons\/fonts\/st.ttf') format('truetype'), url('https:\/\/mbrrh.com.ar\/es\/wp-content\/themes\/thefox\/includes\/4k-icons\/icons\/4k-icons-pack04\/icons\/fonts\/st.svg#oi') format('svg'); font-weight: normal; font-style: normal;}#rand_hgwgbosrwkorl68006i3 .st-chat-3:before{font-family: 'st'; font-weight: normal; font-style: normal;}#rand_hgwgbosrwkorl68006i3 .st-chat-3:before{content: \"\\e042\";}<\/style>\n<a href=\"https:\/\/wa.me\/+5491165521810\" target=\"_blank\" ><div id=\"rand_hgwgbosrwkorl68006i3\" class=\"icon_box_si \"><i class=\"st-chat-3\" style=\"color:#005D80;\"><\/i><h3 style=\"color:#222221;\">Marisa Beccaria<\/h3><p style=\"color:#2c3e50\">9 11 6552-1810<\/p><\/div><\/a><div class=\"vc_empty_space\"   style=\"height: 32px\"><span class=\"vc_empty_space_inner\"><\/span><\/div><style type=\"text\/css\" >#rand_zvfzjayxkqbniblq0pev {margin-top:0px; margin-bottom:0px; }<\/style><style type='text\/css'> @font-face{font-family: 'elg'; src:url('https:\/\/mbrrh.com.ar\/es\/wp-content\/themes\/thefox\/includes\/4k-icons\/icons\/4k-icons-pack02\/icons\/fonts\/elg.eot'); src:url('https:\/\/mbrrh.com.ar\/es\/wp-content\/themes\/thefox\/includes\/4k-icons\/icons\/4k-icons-pack02\/icons\/fonts\/elg.eot?#iefix') format('embedded-opentype'), url('https:\/\/mbrrh.com.ar\/es\/wp-content\/themes\/thefox\/includes\/4k-icons\/icons\/4k-icons-pack02\/icons\/fonts\/elg.woff') format('woff'), url('https:\/\/mbrrh.com.ar\/es\/wp-content\/themes\/thefox\/includes\/4k-icons\/icons\/4k-icons-pack02\/icons\/fonts\/elg.ttf') format('truetype'), url('https:\/\/mbrrh.com.ar\/es\/wp-content\/themes\/thefox\/includes\/4k-icons\/icons\/4k-icons-pack02\/icons\/fonts\/elg.svg#oi') format('svg'); font-weight: normal; font-style: normal;}#rand_zvfzjayxkqbniblq0pev .elg-icon_mail_alt:before{font-family: 'elg'; font-weight: normal; font-style: normal;}#rand_zvfzjayxkqbniblq0pev .elg-icon_mail_alt:before{content: \"\\e010\";}<\/style>\n<a href=\"mailto:info@mbrrh.com.ar\" target=\"_blank\" ><div id=\"rand_zvfzjayxkqbniblq0pev\" class=\"icon_box_si \"><i class=\"elg-icon_mail_alt\" style=\"color:#005D80;\"><\/i><h3 style=\"color:#222221;\">Consultas<\/h3><p style=\"color:#2c3e50\"><span style=\"font-size: 14px;\">info@mbrrecursoshumanos.com.ar<\/span><\/p><\/div><\/a><div class=\"vc_empty_space\"   style=\"height: 32px\"><span class=\"vc_empty_space_inner\"><\/span><\/div><style type=\"text\/css\" >#rand_t141k8z0yaqjjhaj4qiq {margin-top:0px; margin-bottom:0px; }<\/style><style type='text\/css'> @font-face{font-family: 'elg'; src:url('https:\/\/mbrrh.com.ar\/es\/wp-content\/themes\/thefox\/includes\/4k-icons\/icons\/4k-icons-pack02\/icons\/fonts\/elg.eot'); src:url('https:\/\/mbrrh.com.ar\/es\/wp-content\/themes\/thefox\/includes\/4k-icons\/icons\/4k-icons-pack02\/icons\/fonts\/elg.eot?#iefix') format('embedded-opentype'), url('https:\/\/mbrrh.com.ar\/es\/wp-content\/themes\/thefox\/includes\/4k-icons\/icons\/4k-icons-pack02\/icons\/fonts\/elg.woff') format('woff'), url('https:\/\/mbrrh.com.ar\/es\/wp-content\/themes\/thefox\/includes\/4k-icons\/icons\/4k-icons-pack02\/icons\/fonts\/elg.ttf') format('truetype'), url('https:\/\/mbrrh.com.ar\/es\/wp-content\/themes\/thefox\/includes\/4k-icons\/icons\/4k-icons-pack02\/icons\/fonts\/elg.svg#oi') format('svg'); font-weight: normal; font-style: normal;}#rand_t141k8z0yaqjjhaj4qiq .elg-icon_mail_alt:before{font-family: 'elg'; font-weight: normal; font-style: normal;}#rand_t141k8z0yaqjjhaj4qiq .elg-icon_mail_alt:before{content: \"\\e010\";}<\/style>\n<a href=\"mailto:info@mbrrh.com.ar\" target=\"_blank\" ><div id=\"rand_t141k8z0yaqjjhaj4qiq\" class=\"icon_box_si \"><i class=\"elg-icon_mail_alt\" style=\"color:#005D80;\"><\/i><h3 style=\"color:#222221;\">Busqueda laboral<\/h3><p style=\"color:#2c3e50\"><span style=\"font-size: 14px;\">busquedas@mbrrecursoshumanos.com.ar<\/span><\/p><\/div><\/a>\n\t\t<\/div> <\/div>\n\t<\/div> \n\n\t<div  class=\"vc_span6 wpb_column vc_column_container \"><div class=\"vc_column-inner vc_custom_1733873631522\">\n\t\t<div class=\"wpb_wrapper\">\n\t\t\t\r\n\t<div  class=\"wpb_single_image wpb_content_element vc_align_left   vc_custom_1734059308251\">\r\n\t\t<div class=\"wpb_wrapper\">\r\n\t\t\t\r\n\t\t\t<div class=\"vc_single_image-wrapper   vc_box_border_grey\"><img decoding=\"async\" width=\"1707\" height=\"2560\" src=\"https:\/\/mbrrh.com.ar\/es\/wp-content\/uploads\/2024\/12\/woman-s-finger-keyboard-scaled.jpg\" class=\"vc_single_image-img attachment-full\" alt=\"\" title=\"\" srcset=\"https:\/\/mbrrh.com.ar\/es\/wp-content\/uploads\/2024\/12\/woman-s-finger-keyboard-scaled.jpg 1707w, https:\/\/mbrrh.com.ar\/es\/wp-content\/uploads\/2024\/12\/woman-s-finger-keyboard-scaled-200x300.jpg 200w, https:\/\/mbrrh.com.ar\/es\/wp-content\/uploads\/2024\/12\/woman-s-finger-keyboard-scaled-683x1024.jpg 683w, https:\/\/mbrrh.com.ar\/es\/wp-content\/uploads\/2024\/12\/woman-s-finger-keyboard-768x1152.jpg 768w, https:\/\/mbrrh.com.ar\/es\/wp-content\/uploads\/2024\/12\/woman-s-finger-keyboard-scaled-1024x1536.jpg 1024w, https:\/\/mbrrh.com.ar\/es\/wp-content\/uploads\/2024\/12\/woman-s-finger-keyboard-scaled-1366x2048.jpg 1366w\" sizes=\"(max-width: 1707px) 100vw, 1707px\" \/><\/div>\r\n\t\t<\/div>\r\n\t<\/div>\r\n\n\t\t<\/div> <\/div>\n\t<\/div> \n<\/div>\n<\/div>","protected":false},"excerpt":{"rendered":"<p>CU\u00c9NTANOS SOBRE TU EMPRESA O TU CARRERA Juntos podemos crear soluciones \u00fanicas para impulsar tu gesti\u00f3n de talento o encontrar grandes oportunidades en tu carrera profesional. Mariela Rabyj9 11 4540-6300 Marisa Beccaria9 11 6552-1810 Consultasinfo@mbrrecursoshumanos.com.ar Busqueda laboralbusquedas@mbrrecursoshumanos.com.ar<\/p>\n","protected":false},"author":2,"featured_media":0,"parent":0,"menu_order":0,"comment_status":"closed","ping_status":"open","template":"","meta":{"footnotes":""},"class_list":["post-4009","page","type-page","status-publish","hentry"],"_links":{"self":[{"href":"https:\/\/mbrrh.com.ar\/es\/wp-json\/wp\/v2\/pages\/4009","targetHints":{"allow":["GET"]}}],"collection":[{"href":"https:\/\/mbrrh.com.ar\/es\/wp-json\/wp\/v2\/pages"}],"about":[{"href":"https:\/\/mbrrh.com.ar\/es\/wp-json\/wp\/v2\/types\/page"}],"author":[{"embeddable":true,"href":"https:\/\/mbrrh.com.ar\/es\/wp-json\/wp\/v2\/users\/2"}],"replies":[{"embeddable":true,"href":"https:\/\/mbrrh.com.ar\/es\/wp-json\/wp\/v2\/comments?post=4009"}],"version-history":[{"count":0,"href":"https:\/\/mbrrh.com.ar\/es\/wp-json\/wp\/v2\/pages\/4009\/revisions"}],"wp:attachment":[{"href":"https:\/\/mbrrh.com.ar\/es\/wp-json\/wp\/v2\/media?parent=4009"}],"curies":[{"name":"wp","href":"https:\/\/api.w.org\/{rel}","templated":true}]}}