{"id":7545,"date":"2024-11-21T01:52:30","date_gmt":"2024-11-21T04:52:30","guid":{"rendered":"https:\/\/mbrrh.com.ar\/es\/?page_id=7545"},"modified":"2024-12-15T12:22:55","modified_gmt":"2024-12-15T15:22:55","slug":"busqueda-y-seleccion","status":"publish","type":"page","link":"https:\/\/mbrrh.com.ar\/es\/busqueda-y-seleccion\/","title":{"rendered":"B\u00fasqueda y selecci\u00f3n"},"content":{"rendered":"<div class=\"wpb-content-wrapper\"><div   class=\"vc_row wpb_row vc_row-fluid vc_custom_1734273132072 full-width-content \">\n\t<div  class=\"vc_span12 wpb_column vc_column_container \"><div class=\"vc_column-inner \">\n\t\t<div class=\"wpb_wrapper\">\n\t\t\t\n\t<div class=\"wpb_text_column wpb_content_element   ct_mw34thmxozp2shtbhmn2\" >\n\t\t<div class=\"wpb_wrapper\" >\n\t\t\t\n\n\t\t<\/div> \n\t<\/div> \n\t\t<\/div> <\/div>\n\t<\/div> \n<\/div><div   class=\"vc_row wpb_row vc_row-fluid vc_custom_1734273239966 full-width-section \">\n\t<div  class=\"vc_span12 wpb_column vc_column_container \"><div class=\"vc_column-inner \">\n\t\t<div class=\"wpb_wrapper\">\n\t\t\t\n\t<div class=\"wpb_text_column wpb_content_element   ct_17s45e7j6yh0kap6ujhu\" >\n\t\t<div class=\"wpb_wrapper\" >\n\t\t\t<p>Comprende la asistencia y acompa\u00f1amiento a la empresa, en la identificaci\u00f3n del candidato que mejor se adecue al puesto requerido.<\/p>\n\n\t\t<\/div> \n\t<\/div> \n\t\t<\/div> <\/div>\n\t<\/div> \n<\/div><div   class=\"vc_row wpb_row vc_row-fluid  \">\n\t<div  class=\"vc_span12 wpb_column vc_column_container \"><div class=\"vc_column-inner \">\n\t\t<div class=\"wpb_wrapper\">\n\t\t\t\n\t<div class=\"wpb_text_column wpb_content_element   ct_7rdiii94la511ynxvfzg\" >\n\t\t<div class=\"wpb_wrapper\" >\n\t\t\t<h3 style=\"text-align: justify;\">Filosof\u00eda<\/h3>\n<p style=\"text-align: justify;\">MBR Consultora brinda su servicio a las empresas en la gesti\u00f3n de su capital humano. Pensamos que las organizaciones son ante todo grupos humanos y priorizamos a las personas que las integran y generan el valor agregado a trav\u00e9s de su diario accionar.<br \/>\nDe manera personalizada acompa\u00f1amos a nuestros clientes en su gesti\u00f3n y nos brindamos con un alto grado de compromiso en la consecuci\u00f3n de resultados satisfactorios.<\/p>\n<p>&nbsp;<\/p>\n<h3 style=\"text-align: justify;\">En que nos distinguimos<\/h3>\n<p style=\"text-align: justify;\">Nos caracteriza el compromiso, la confidencialidad y el cuidado tanto de las personas como de los procesos en los cuales intervenimos, siendo el respeto, la responsabilidad y la calidad los pilares sobre los cuales nos afirmamos en cada proyecto. Trabajamos en equipo y de manera personalizada con cada empresa cliente.<\/p>\n<p>&nbsp;<\/p>\n<h3>Etapas del proceso de b\u00fasqueda:<\/h3>\n\n\t\t<\/div> \n\t<\/div> \n\t\t<\/div> <\/div>\n\t<\/div> \n<\/div><div   class=\"vc_row wpb_row vc_row-fluid  \">\n\t<div  class=\"vc_span12 wpb_column vc_column_container \"><div class=\"vc_column-inner \">\n\t\t<div class=\"wpb_wrapper\">\n\t\t\t\n<!-- lists --><div class=\"rd_list_1_alt rd_list_left\"><style type='text\/css'> @font-face{font-family: 'dr'; src:url('https:\/\/mbrrh.com.ar\/es\/wp-content\/themes\/thefox\/includes\/4k-icons\/icons\/4k-icons-pack01\/icons\/fonts\/dr.eot'); src:url('https:\/\/mbrrh.com.ar\/es\/wp-content\/themes\/thefox\/includes\/4k-icons\/icons\/4k-icons-pack01\/icons\/fonts\/dr.eot?#iefix') format('embedded-opentype'), url('https:\/\/mbrrh.com.ar\/es\/wp-content\/themes\/thefox\/includes\/4k-icons\/icons\/4k-icons-pack01\/icons\/fonts\/dr.woff') format('woff'), url('https:\/\/mbrrh.com.ar\/es\/wp-content\/themes\/thefox\/includes\/4k-icons\/icons\/4k-icons-pack01\/icons\/fonts\/dr.ttf') format('truetype'), url('https:\/\/mbrrh.com.ar\/es\/wp-content\/themes\/thefox\/includes\/4k-icons\/icons\/4k-icons-pack01\/icons\/fonts\/dr.svg#oi') format('svg'); font-weight: normal; font-style: normal;}#rand_keu3qpgwobhgf6zvf2go .dr-checkmark2:before{font-family: 'dr'; font-weight: normal; font-style: normal;}#rand_keu3qpgwobhgf6zvf2go .dr-checkmark2:before{content: \"\\e807\";}<\/style>\n<style type=\"text\/css\" >.rd_list_1 .list_item_ctn { border-color:#ecf0f1}.rd_list_1 #rand_keu3qpgwobhgf6zvf2go .list_icn i,.rd_list_1_alt #rand_keu3qpgwobhgf6zvf2go .list_icn i{color:#005d80;}.rd_list_2 #rand_keu3qpgwobhgf6zvf2go:after{background:#2c3e50;}.rd_list_2 #rand_keu3qpgwobhgf6zvf2go .list_icn i{color:#005d80;}.rd_list_3 #rand_keu3qpgwobhgf6zvf2go .list_icn,.rd_list_5 #rand_keu3qpgwobhgf6zvf2go .list_icn,.rd_list_6 #rand_keu3qpgwobhgf6zvf2go .list_icn{background:#005d80;}.rd_list_4 #rand_keu3qpgwobhgf6zvf2go{background:#005d80;}#rand_keu3qpgwobhgf6zvf2go h3{color:#222221;}#rand_keu3qpgwobhgf6zvf2go p{color:#2c3e50;}.rd_list_7 #rand_keu3qpgwobhgf6zvf2go .list_icn{color:#005d80;}<\/style><div class=\"list_item_ctn\" id=\"rand_keu3qpgwobhgf6zvf2go\"><div class=\"list_icn\"><i class=\"dr-checkmark2\"><\/i><\/div><div class=\"list_desc\"><p>Armado del perfil requerido para el puesto, seg\u00fan descripci\u00f3n de tareas del mismo (conocimientos t\u00e9cnicos, requerimientos de personalidad, competencias).<br \/>\n<\/p><\/div><\/div><style type='text\/css'> @font-face{font-family: 'dr'; src:url('https:\/\/mbrrh.com.ar\/es\/wp-content\/themes\/thefox\/includes\/4k-icons\/icons\/4k-icons-pack01\/icons\/fonts\/dr.eot'); src:url('https:\/\/mbrrh.com.ar\/es\/wp-content\/themes\/thefox\/includes\/4k-icons\/icons\/4k-icons-pack01\/icons\/fonts\/dr.eot?#iefix') format('embedded-opentype'), url('https:\/\/mbrrh.com.ar\/es\/wp-content\/themes\/thefox\/includes\/4k-icons\/icons\/4k-icons-pack01\/icons\/fonts\/dr.woff') format('woff'), url('https:\/\/mbrrh.com.ar\/es\/wp-content\/themes\/thefox\/includes\/4k-icons\/icons\/4k-icons-pack01\/icons\/fonts\/dr.ttf') format('truetype'), url('https:\/\/mbrrh.com.ar\/es\/wp-content\/themes\/thefox\/includes\/4k-icons\/icons\/4k-icons-pack01\/icons\/fonts\/dr.svg#oi') format('svg'); font-weight: normal; font-style: normal;}#rand_nfh5c5gwhyftc9zk5hae .dr-checkmark2:before{font-family: 'dr'; font-weight: normal; font-style: normal;}#rand_nfh5c5gwhyftc9zk5hae .dr-checkmark2:before{content: \"\\e807\";}<\/style>\n<style type=\"text\/css\" >.rd_list_1 .list_item_ctn { border-color:#ecf0f1}.rd_list_1 #rand_nfh5c5gwhyftc9zk5hae .list_icn i,.rd_list_1_alt #rand_nfh5c5gwhyftc9zk5hae .list_icn i{color:#005d80;}.rd_list_2 #rand_nfh5c5gwhyftc9zk5hae:after{background:#2c3e50;}.rd_list_2 #rand_nfh5c5gwhyftc9zk5hae .list_icn i{color:#005d80;}.rd_list_3 #rand_nfh5c5gwhyftc9zk5hae .list_icn,.rd_list_5 #rand_nfh5c5gwhyftc9zk5hae .list_icn,.rd_list_6 #rand_nfh5c5gwhyftc9zk5hae .list_icn{background:#005d80;}.rd_list_4 #rand_nfh5c5gwhyftc9zk5hae{background:#005d80;}#rand_nfh5c5gwhyftc9zk5hae h3{color:#222221;}#rand_nfh5c5gwhyftc9zk5hae p{color:#2c3e50;}.rd_list_7 #rand_nfh5c5gwhyftc9zk5hae .list_icn{color:#005d80;}<\/style><div class=\"list_item_ctn\" id=\"rand_nfh5c5gwhyftc9zk5hae\"><div class=\"list_icn\"><i class=\"dr-checkmark2\"><\/i><\/div><div class=\"list_desc\"><p>Preselecci\u00f3n de CVs.<\/p><\/div><\/div><style type='text\/css'> @font-face{font-family: 'dr'; src:url('https:\/\/mbrrh.com.ar\/es\/wp-content\/themes\/thefox\/includes\/4k-icons\/icons\/4k-icons-pack01\/icons\/fonts\/dr.eot'); src:url('https:\/\/mbrrh.com.ar\/es\/wp-content\/themes\/thefox\/includes\/4k-icons\/icons\/4k-icons-pack01\/icons\/fonts\/dr.eot?#iefix') format('embedded-opentype'), url('https:\/\/mbrrh.com.ar\/es\/wp-content\/themes\/thefox\/includes\/4k-icons\/icons\/4k-icons-pack01\/icons\/fonts\/dr.woff') format('woff'), url('https:\/\/mbrrh.com.ar\/es\/wp-content\/themes\/thefox\/includes\/4k-icons\/icons\/4k-icons-pack01\/icons\/fonts\/dr.ttf') format('truetype'), url('https:\/\/mbrrh.com.ar\/es\/wp-content\/themes\/thefox\/includes\/4k-icons\/icons\/4k-icons-pack01\/icons\/fonts\/dr.svg#oi') format('svg'); font-weight: normal; font-style: normal;}#rand_snb5a1nsv9tfz5nftbqt .dr-checkmark2:before{font-family: 'dr'; font-weight: normal; font-style: normal;}#rand_snb5a1nsv9tfz5nftbqt .dr-checkmark2:before{content: \"\\e807\";}<\/style>\n<style type=\"text\/css\" >.rd_list_1 .list_item_ctn { border-color:#ecf0f1}.rd_list_1 #rand_snb5a1nsv9tfz5nftbqt .list_icn i,.rd_list_1_alt #rand_snb5a1nsv9tfz5nftbqt .list_icn i{color:#005d80;}.rd_list_2 #rand_snb5a1nsv9tfz5nftbqt:after{background:#2c3e50;}.rd_list_2 #rand_snb5a1nsv9tfz5nftbqt .list_icn i{color:#005d80;}.rd_list_3 #rand_snb5a1nsv9tfz5nftbqt .list_icn,.rd_list_5 #rand_snb5a1nsv9tfz5nftbqt .list_icn,.rd_list_6 #rand_snb5a1nsv9tfz5nftbqt .list_icn{background:#005d80;}.rd_list_4 #rand_snb5a1nsv9tfz5nftbqt{background:#005d80;}#rand_snb5a1nsv9tfz5nftbqt h3{color:#222221;}#rand_snb5a1nsv9tfz5nftbqt p{color:#2c3e50;}.rd_list_7 #rand_snb5a1nsv9tfz5nftbqt .list_icn{color:#005d80;}<\/style><div class=\"list_item_ctn\" id=\"rand_snb5a1nsv9tfz5nftbqt\"><div class=\"list_icn\"><i class=\"dr-checkmark2\"><\/i><\/div><div class=\"list_desc\"><p>Confecci\u00f3n de avisos en diversos medios para gestionar la b\u00fasqueda.<br \/>\n<\/p><\/div><\/div><style type='text\/css'> @font-face{font-family: 'dr'; src:url('https:\/\/mbrrh.com.ar\/es\/wp-content\/themes\/thefox\/includes\/4k-icons\/icons\/4k-icons-pack01\/icons\/fonts\/dr.eot'); src:url('https:\/\/mbrrh.com.ar\/es\/wp-content\/themes\/thefox\/includes\/4k-icons\/icons\/4k-icons-pack01\/icons\/fonts\/dr.eot?#iefix') format('embedded-opentype'), url('https:\/\/mbrrh.com.ar\/es\/wp-content\/themes\/thefox\/includes\/4k-icons\/icons\/4k-icons-pack01\/icons\/fonts\/dr.woff') format('woff'), url('https:\/\/mbrrh.com.ar\/es\/wp-content\/themes\/thefox\/includes\/4k-icons\/icons\/4k-icons-pack01\/icons\/fonts\/dr.ttf') format('truetype'), url('https:\/\/mbrrh.com.ar\/es\/wp-content\/themes\/thefox\/includes\/4k-icons\/icons\/4k-icons-pack01\/icons\/fonts\/dr.svg#oi') format('svg'); font-weight: normal; font-style: normal;}#rand_b2n6fw5jwsx91hsrridb .dr-checkmark2:before{font-family: 'dr'; font-weight: normal; font-style: normal;}#rand_b2n6fw5jwsx91hsrridb .dr-checkmark2:before{content: \"\\e807\";}<\/style>\n<style type=\"text\/css\" >.rd_list_1 .list_item_ctn { border-color:#ecf0f1}.rd_list_1 #rand_b2n6fw5jwsx91hsrridb .list_icn i,.rd_list_1_alt #rand_b2n6fw5jwsx91hsrridb .list_icn i{color:#005d80;}.rd_list_2 #rand_b2n6fw5jwsx91hsrridb:after{background:#2c3e50;}.rd_list_2 #rand_b2n6fw5jwsx91hsrridb .list_icn i{color:#005d80;}.rd_list_3 #rand_b2n6fw5jwsx91hsrridb .list_icn,.rd_list_5 #rand_b2n6fw5jwsx91hsrridb .list_icn,.rd_list_6 #rand_b2n6fw5jwsx91hsrridb .list_icn{background:#005d80;}.rd_list_4 #rand_b2n6fw5jwsx91hsrridb{background:#005d80;}#rand_b2n6fw5jwsx91hsrridb h3{color:#222221;}#rand_b2n6fw5jwsx91hsrridb p{color:#2c3e50;}.rd_list_7 #rand_b2n6fw5jwsx91hsrridb .list_icn{color:#005d80;}<\/style><div class=\"list_item_ctn\" id=\"rand_b2n6fw5jwsx91hsrridb\"><div class=\"list_icn\"><i class=\"dr-checkmark2\"><\/i><\/div><div class=\"list_desc\"><p>Entrevistas individuales focalizadas (considerando las competencias del perfil de puesto). <\/p><\/div><\/div><style type='text\/css'> @font-face{font-family: 'dr'; src:url('https:\/\/mbrrh.com.ar\/es\/wp-content\/themes\/thefox\/includes\/4k-icons\/icons\/4k-icons-pack01\/icons\/fonts\/dr.eot'); src:url('https:\/\/mbrrh.com.ar\/es\/wp-content\/themes\/thefox\/includes\/4k-icons\/icons\/4k-icons-pack01\/icons\/fonts\/dr.eot?#iefix') format('embedded-opentype'), url('https:\/\/mbrrh.com.ar\/es\/wp-content\/themes\/thefox\/includes\/4k-icons\/icons\/4k-icons-pack01\/icons\/fonts\/dr.woff') format('woff'), url('https:\/\/mbrrh.com.ar\/es\/wp-content\/themes\/thefox\/includes\/4k-icons\/icons\/4k-icons-pack01\/icons\/fonts\/dr.ttf') format('truetype'), url('https:\/\/mbrrh.com.ar\/es\/wp-content\/themes\/thefox\/includes\/4k-icons\/icons\/4k-icons-pack01\/icons\/fonts\/dr.svg#oi') format('svg'); font-weight: normal; font-style: normal;}#rand_dfircynt26njdtpu4kgo .dr-checkmark2:before{font-family: 'dr'; font-weight: normal; font-style: normal;}#rand_dfircynt26njdtpu4kgo .dr-checkmark2:before{content: \"\\e807\";}<\/style>\n<style type=\"text\/css\" >.rd_list_1 .list_item_ctn { border-color:#ecf0f1}.rd_list_1 #rand_dfircynt26njdtpu4kgo .list_icn i,.rd_list_1_alt #rand_dfircynt26njdtpu4kgo .list_icn i{color:#005d80;}.rd_list_2 #rand_dfircynt26njdtpu4kgo:after{background:#2c3e50;}.rd_list_2 #rand_dfircynt26njdtpu4kgo .list_icn i{color:#005d80;}.rd_list_3 #rand_dfircynt26njdtpu4kgo .list_icn,.rd_list_5 #rand_dfircynt26njdtpu4kgo .list_icn,.rd_list_6 #rand_dfircynt26njdtpu4kgo .list_icn{background:#005d80;}.rd_list_4 #rand_dfircynt26njdtpu4kgo{background:#005d80;}#rand_dfircynt26njdtpu4kgo h3{color:#222221;}#rand_dfircynt26njdtpu4kgo p{color:#2c3e50;}.rd_list_7 #rand_dfircynt26njdtpu4kgo .list_icn{color:#005d80;}<\/style><div class=\"list_item_ctn\" id=\"rand_dfircynt26njdtpu4kgo\"><div class=\"list_icn\"><i class=\"dr-checkmark2\"><\/i><\/div><div class=\"list_desc\"><p>Armado de ternas de los candidatos. Presentaci\u00f3n de informes con resumen de los principales datos y caracter\u00edsticas de los postulantes preseleccionados.<\/p><\/div><\/div><style type='text\/css'> @font-face{font-family: 'dr'; src:url('https:\/\/mbrrh.com.ar\/es\/wp-content\/themes\/thefox\/includes\/4k-icons\/icons\/4k-icons-pack01\/icons\/fonts\/dr.eot'); src:url('https:\/\/mbrrh.com.ar\/es\/wp-content\/themes\/thefox\/includes\/4k-icons\/icons\/4k-icons-pack01\/icons\/fonts\/dr.eot?#iefix') format('embedded-opentype'), url('https:\/\/mbrrh.com.ar\/es\/wp-content\/themes\/thefox\/includes\/4k-icons\/icons\/4k-icons-pack01\/icons\/fonts\/dr.woff') format('woff'), url('https:\/\/mbrrh.com.ar\/es\/wp-content\/themes\/thefox\/includes\/4k-icons\/icons\/4k-icons-pack01\/icons\/fonts\/dr.ttf') format('truetype'), url('https:\/\/mbrrh.com.ar\/es\/wp-content\/themes\/thefox\/includes\/4k-icons\/icons\/4k-icons-pack01\/icons\/fonts\/dr.svg#oi') format('svg'); font-weight: normal; font-style: normal;}#rand_2vxsfmfzb1n3o9hidc77 .dr-checkmark2:before{font-family: 'dr'; font-weight: normal; font-style: normal;}#rand_2vxsfmfzb1n3o9hidc77 .dr-checkmark2:before{content: \"\\e807\";}<\/style>\n<style type=\"text\/css\" >.rd_list_1 .list_item_ctn { border-color:#ecf0f1}.rd_list_1 #rand_2vxsfmfzb1n3o9hidc77 .list_icn i,.rd_list_1_alt #rand_2vxsfmfzb1n3o9hidc77 .list_icn i{color:#005d80;}.rd_list_2 #rand_2vxsfmfzb1n3o9hidc77:after{background:#2c3e50;}.rd_list_2 #rand_2vxsfmfzb1n3o9hidc77 .list_icn i{color:#005d80;}.rd_list_3 #rand_2vxsfmfzb1n3o9hidc77 .list_icn,.rd_list_5 #rand_2vxsfmfzb1n3o9hidc77 .list_icn,.rd_list_6 #rand_2vxsfmfzb1n3o9hidc77 .list_icn{background:#005d80;}.rd_list_4 #rand_2vxsfmfzb1n3o9hidc77{background:#005d80;}#rand_2vxsfmfzb1n3o9hidc77 h3{color:#222221;}#rand_2vxsfmfzb1n3o9hidc77 p{color:#2c3e50;}.rd_list_7 #rand_2vxsfmfzb1n3o9hidc77 .list_icn{color:#005d80;}<\/style><div class=\"list_item_ctn\" id=\"rand_2vxsfmfzb1n3o9hidc77\"><div class=\"list_icn\"><i class=\"dr-checkmark2\"><\/i><\/div><div class=\"list_desc\"><p>Coordinaci\u00f3n de entrevistas en la empresa.<\/p><\/div><\/div><style type='text\/css'> @font-face{font-family: 'dr'; src:url('https:\/\/mbrrh.com.ar\/es\/wp-content\/themes\/thefox\/includes\/4k-icons\/icons\/4k-icons-pack01\/icons\/fonts\/dr.eot'); src:url('https:\/\/mbrrh.com.ar\/es\/wp-content\/themes\/thefox\/includes\/4k-icons\/icons\/4k-icons-pack01\/icons\/fonts\/dr.eot?#iefix') format('embedded-opentype'), url('https:\/\/mbrrh.com.ar\/es\/wp-content\/themes\/thefox\/includes\/4k-icons\/icons\/4k-icons-pack01\/icons\/fonts\/dr.woff') format('woff'), url('https:\/\/mbrrh.com.ar\/es\/wp-content\/themes\/thefox\/includes\/4k-icons\/icons\/4k-icons-pack01\/icons\/fonts\/dr.ttf') format('truetype'), url('https:\/\/mbrrh.com.ar\/es\/wp-content\/themes\/thefox\/includes\/4k-icons\/icons\/4k-icons-pack01\/icons\/fonts\/dr.svg#oi') format('svg'); font-weight: normal; font-style: normal;}#rand_khmeqw7wngnb5to3u3lb .dr-checkmark2:before{font-family: 'dr'; font-weight: normal; font-style: normal;}#rand_khmeqw7wngnb5to3u3lb .dr-checkmark2:before{content: \"\\e807\";}<\/style>\n<style type=\"text\/css\" >.rd_list_1 .list_item_ctn { border-color:#ecf0f1}.rd_list_1 #rand_khmeqw7wngnb5to3u3lb .list_icn i,.rd_list_1_alt #rand_khmeqw7wngnb5to3u3lb .list_icn i{color:#005d80;}.rd_list_2 #rand_khmeqw7wngnb5to3u3lb:after{background:#2c3e50;}.rd_list_2 #rand_khmeqw7wngnb5to3u3lb .list_icn i{color:#005d80;}.rd_list_3 #rand_khmeqw7wngnb5to3u3lb .list_icn,.rd_list_5 #rand_khmeqw7wngnb5to3u3lb .list_icn,.rd_list_6 #rand_khmeqw7wngnb5to3u3lb .list_icn{background:#005d80;}.rd_list_4 #rand_khmeqw7wngnb5to3u3lb{background:#005d80;}#rand_khmeqw7wngnb5to3u3lb h3{color:#222221;}#rand_khmeqw7wngnb5to3u3lb p{color:#2c3e50;}.rd_list_7 #rand_khmeqw7wngnb5to3u3lb .list_icn{color:#005d80;}<\/style><div class=\"list_item_ctn\" id=\"rand_khmeqw7wngnb5to3u3lb\"><div class=\"list_icn\"><i class=\"dr-checkmark2\"><\/i><\/div><div class=\"list_desc\"><p>Comunicaci\u00f3n a los participantes en el cierre del proceso.<\/p><\/div><\/div><style type='text\/css'> @font-face{font-family: 'dr'; src:url('https:\/\/mbrrh.com.ar\/es\/wp-content\/themes\/thefox\/includes\/4k-icons\/icons\/4k-icons-pack01\/icons\/fonts\/dr.eot'); src:url('https:\/\/mbrrh.com.ar\/es\/wp-content\/themes\/thefox\/includes\/4k-icons\/icons\/4k-icons-pack01\/icons\/fonts\/dr.eot?#iefix') format('embedded-opentype'), url('https:\/\/mbrrh.com.ar\/es\/wp-content\/themes\/thefox\/includes\/4k-icons\/icons\/4k-icons-pack01\/icons\/fonts\/dr.woff') format('woff'), url('https:\/\/mbrrh.com.ar\/es\/wp-content\/themes\/thefox\/includes\/4k-icons\/icons\/4k-icons-pack01\/icons\/fonts\/dr.ttf') format('truetype'), url('https:\/\/mbrrh.com.ar\/es\/wp-content\/themes\/thefox\/includes\/4k-icons\/icons\/4k-icons-pack01\/icons\/fonts\/dr.svg#oi') format('svg'); font-weight: normal; font-style: normal;}#rand_00j6bzxif3uihvxeolfe .dr-checkmark2:before{font-family: 'dr'; font-weight: normal; font-style: normal;}#rand_00j6bzxif3uihvxeolfe .dr-checkmark2:before{content: \"\\e807\";}<\/style>\n<style type=\"text\/css\" >.rd_list_1 .list_item_ctn { border-color:#ecf0f1}.rd_list_1 #rand_00j6bzxif3uihvxeolfe .list_icn i,.rd_list_1_alt #rand_00j6bzxif3uihvxeolfe .list_icn i{color:#005d80;}.rd_list_2 #rand_00j6bzxif3uihvxeolfe:after{background:#2c3e50;}.rd_list_2 #rand_00j6bzxif3uihvxeolfe .list_icn i{color:#005d80;}.rd_list_3 #rand_00j6bzxif3uihvxeolfe .list_icn,.rd_list_5 #rand_00j6bzxif3uihvxeolfe .list_icn,.rd_list_6 #rand_00j6bzxif3uihvxeolfe .list_icn{background:#005d80;}.rd_list_4 #rand_00j6bzxif3uihvxeolfe{background:#005d80;}#rand_00j6bzxif3uihvxeolfe h3{color:#222221;}#rand_00j6bzxif3uihvxeolfe p{color:#2c3e50;}.rd_list_7 #rand_00j6bzxif3uihvxeolfe .list_icn{color:#005d80;}<\/style><div class=\"list_item_ctn\" id=\"rand_00j6bzxif3uihvxeolfe\"><div class=\"list_icn\"><i class=\"dr-checkmark2\"><\/i><\/div><div class=\"list_desc\"><p>Seguimiento del desempe\u00f1o del nuevo colaborador. <\/p><\/div><\/div><\/div>\r\n\r\n<!-- lists END-->\n<div class=\"vc_empty_space\"   style=\"height: 40px\"><span class=\"vc_empty_space_inner\"><\/span><\/div>\n\t\t<\/div> <\/div>\n\t<\/div> \n<\/div><div   class=\"vc_row wpb_row vc_row-fluid vc_custom_1732749404627 vc_row-o-content-middle full-width-section \">\n\t<div  class=\"vc_span6 wpb_column vc_column_container \"><div class=\"vc_column-inner \">\n\t\t<div class=\"wpb_wrapper\">\n\t\t\t<div class=\"vc_empty_space\"   style=\"height: 32px\"><span class=\"vc_empty_space_inner\"><\/span><\/div><h2 style=\"font-size: 18px;color: #FFFFFF;text-align: center;font-family:Montserrat;font-weight:400;font-style:normal\" class=\"vc_custom_heading\" >El talento adecuado puede transformar tu empresa.<br \/>\n\u00a1Juntos encontraremos a la persona ideal para tu equipo!<\/h2>\n\t\t<\/div> <\/div>\n\t<\/div> \n\n\t<div  class=\"vc_span6 wpb_column vc_column_container \"><div class=\"vc_column-inner \">\n\t\t<div class=\"wpb_wrapper\">\n\t\t\t<style type=\"text\/css\" >#b_5adaux1jboz4duh96xll a{color:#FFFFFF; background:#005D80; border-style:solid; border-color:#FFFFFF; margin-top:0px; margin-bottom:0px;  margin-left:0px; margin-right:0px; font-weight:500; border-radius:0px;}#b_5adaux1jboz4duh96xll a:hover{color:#005D80 ; background:#FFFFFF ; border-color:#FFFFFF;}<\/style><div class=\"ta_center tf_btn_pos\" id=\"b_5adaux1jboz4duh96xll\" ><a class=\"rd_stroke_bt small_rd_bt border_1px  \" href=\"https:\/\/mbrrh.com.ar\/es\/contacto\/\" target=\"\"   >ENCUENTRA A TU PR\u00d3XIMO TALENTO<\/a><\/div>\n\t\t<\/div> <\/div>\n\t<\/div> \n<\/div>\n<\/div>","protected":false},"excerpt":{"rendered":"<p>Comprende la asistencia y acompa\u00f1amiento a la empresa, en la identificaci\u00f3n del candidato que mejor se adecue al puesto requerido. Filosof\u00eda MBR Consultora brinda su servicio a las empresas en la gesti\u00f3n de su capital humano. Pensamos que las organizaciones son ante todo grupos humanos y priorizamos a las personas que las integran y generan<br \/><a href=\"https:\/\/mbrrh.com.ar\/es\/busqueda-y-seleccion\/\" class=\"more\">Read more<\/a><\/p>\n","protected":false},"author":2,"featured_media":0,"parent":0,"menu_order":0,"comment_status":"closed","ping_status":"closed","template":"","meta":{"footnotes":""},"class_list":["post-7545","page","type-page","status-publish","hentry"],"_links":{"self":[{"href":"https:\/\/mbrrh.com.ar\/es\/wp-json\/wp\/v2\/pages\/7545","targetHints":{"allow":["GET"]}}],"collection":[{"href":"https:\/\/mbrrh.com.ar\/es\/wp-json\/wp\/v2\/pages"}],"about":[{"href":"https:\/\/mbrrh.com.ar\/es\/wp-json\/wp\/v2\/types\/page"}],"author":[{"embeddable":true,"href":"https:\/\/mbrrh.com.ar\/es\/wp-json\/wp\/v2\/users\/2"}],"replies":[{"embeddable":true,"href":"https:\/\/mbrrh.com.ar\/es\/wp-json\/wp\/v2\/comments?post=7545"}],"version-history":[{"count":0,"href":"https:\/\/mbrrh.com.ar\/es\/wp-json\/wp\/v2\/pages\/7545\/revisions"}],"wp:attachment":[{"href":"https:\/\/mbrrh.com.ar\/es\/wp-json\/wp\/v2\/media?parent=7545"}],"curies":[{"name":"wp","href":"https:\/\/api.w.org\/{rel}","templated":true}]}}