{"id":7548,"date":"2024-11-21T01:54:49","date_gmt":"2024-11-21T04:54:49","guid":{"rendered":"https:\/\/mbrrh.com.ar\/es\/?page_id=7548"},"modified":"2024-12-15T12:23:26","modified_gmt":"2024-12-15T15:23:26","slug":"capacitaciones","status":"publish","type":"page","link":"https:\/\/mbrrh.com.ar\/es\/capacitaciones\/","title":{"rendered":"Capacitaciones"},"content":{"rendered":"<div class=\"wpb-content-wrapper\"><div   class=\"vc_row wpb_row vc_row-fluid vc_custom_1734273187501 full-width-content \">\n\t<div  class=\"vc_span12 wpb_column vc_column_container \"><div class=\"vc_column-inner \">\n\t\t<div class=\"wpb_wrapper\">\n\t\t\t\n\t<div class=\"wpb_text_column wpb_content_element   ct_2ccj9ytkv1eonp6sni4u\" >\n\t\t<div class=\"wpb_wrapper\" >\n\t\t\t\n\n\t\t<\/div> \n\t<\/div> \n\t\t<\/div> <\/div>\n\t<\/div> \n<\/div><div   class=\"vc_row wpb_row vc_row-fluid vc_custom_1734273239966 full-width-section \">\n\t<div  class=\"vc_span12 wpb_column vc_column_container \"><div class=\"vc_column-inner \">\n\t\t<div class=\"wpb_wrapper\">\n\t\t\t\n\t<div class=\"wpb_text_column wpb_content_element   ct_5vmnwoxmom1xjsmmpl9u\" >\n\t\t<div class=\"wpb_wrapper\" >\n\t\t\t<p style=\"text-align: justify;\">Colaboramos con nuestros clientes en la detecci\u00f3n de las necesidades de capacitaci\u00f3n, y luego en la planificaci\u00f3n y dise\u00f1o de los entrenamientos. Nos destacamos por br\u00edndar una capacitaci\u00f3n singular y personalizada para los equipos, que contenga las competencias a fortalecer pero tambi\u00e9n considerando las particularidades de cada caso.<\/p>\n\n\t\t<\/div> \n\t<\/div> \n\t\t<\/div> <\/div>\n\t<\/div> \n<\/div><div   class=\"vc_row wpb_row vc_row-fluid  \">\n\t<div  class=\"vc_span12 wpb_column vc_column_container \"><div class=\"vc_column-inner \">\n\t\t<div class=\"wpb_wrapper\">\n\t\t\t\n\t<div class=\"wpb_text_column wpb_content_element   ct_6f1u6m06rntbks47dn6m\" >\n\t\t<div class=\"wpb_wrapper\" >\n\t\t\t<p style=\"text-align: justify;\">Esta modalidad de capacitaci\u00f3n siempre ser\u00e1 diferente para cada empresa, desde ya que contendr\u00e1 conceptualizaciones, teor\u00eda inherente a la tem\u00e1tica que la empresa requiera formar pero adicionalmente contara con el sello personal de cada participante y de los objetivos de la empresa.<\/p>\n<p style=\"text-align: justify;\">Esta modalidad se realiza a trav\u00e9s de actividades especiales con el equipo a entrenar, cuyo principal objetivo es relevar esas necesidades espec\u00edficas y particulares.<\/p>\n<p style=\"text-align: justify;\">Las necesidades de capacitaciones en general se presentan, cuando la empresa desea entrenar determinadas competencias en sus colaboradores. Los motivos pueden ser variados, por ejemplo en un marco de planificaci\u00f3n de carrera, ante nuevos proyectos que exijan desarrollar nuevas habilidades, como tambi\u00e9n necesidades planteadas por los mismos empleados.<\/p>\n\n\t\t<\/div> \n\t<\/div> <div class=\"vc_empty_space\"   style=\"height: 32px\"><span class=\"vc_empty_space_inner\"><\/span><\/div>\n\t\t<\/div> <\/div>\n\t<\/div> \n<\/div><div   class=\"vc_row wpb_row vc_row-fluid vc_custom_1732749404627 vc_row-o-content-middle full-width-section \">\n\t<div  class=\"vc_span6 wpb_column vc_column_container \"><div class=\"vc_column-inner \">\n\t\t<div class=\"wpb_wrapper\">\n\t\t\t<div class=\"vc_empty_space\"   style=\"height: 32px\"><span class=\"vc_empty_space_inner\"><\/span><\/div><h2 style=\"font-size: 18px;color: #FFFFFF;text-align: center;font-family:Montserrat;font-weight:400;font-style:normal\" class=\"vc_custom_heading\" >Potencia el talento de tu equipo con capacitaciones a medida que marcan la diferencia.<\/h2>\n\t\t<\/div> <\/div>\n\t<\/div> \n\n\t<div  class=\"vc_span6 wpb_column vc_column_container \"><div class=\"vc_column-inner \">\n\t\t<div class=\"wpb_wrapper\">\n\t\t\t<style type=\"text\/css\" >#b_79ea5srpl6v7bzswhzsf a{color:#FFFFFF; background:#005D80; border-style:solid; border-color:#FFFFFF; margin-top:0px; margin-bottom:0px;  margin-left:0px; margin-right:0px; font-weight:500; border-radius:0px;}#b_79ea5srpl6v7bzswhzsf a:hover{color:#005D80 ; background:#FFFFFF ; border-color:#FFFFFF;}<\/style><div class=\"ta_center tf_btn_pos\" id=\"b_79ea5srpl6v7bzswhzsf\" ><a class=\"rd_stroke_bt small_rd_bt border_1px  \" href=\"https:\/\/mbrrh.com.ar\/es\/contacto\/\" target=\"\"   >IMPULSA A TU EQUIPO AHORA<\/a><\/div>\n\t\t<\/div> <\/div>\n\t<\/div> \n<\/div>\n<\/div>","protected":false},"excerpt":{"rendered":"<p>Colaboramos con nuestros clientes en la detecci\u00f3n de las necesidades de capacitaci\u00f3n, y luego en la planificaci\u00f3n y dise\u00f1o de los entrenamientos. Nos destacamos por br\u00edndar una capacitaci\u00f3n singular y personalizada para los equipos, que contenga las competencias a fortalecer pero tambi\u00e9n considerando las particularidades de cada caso. Esta modalidad de capacitaci\u00f3n siempre ser\u00e1 diferente<br \/><a href=\"https:\/\/mbrrh.com.ar\/es\/capacitaciones\/\" class=\"more\">Read more<\/a><\/p>\n","protected":false},"author":2,"featured_media":0,"parent":0,"menu_order":0,"comment_status":"closed","ping_status":"closed","template":"","meta":{"footnotes":""},"class_list":["post-7548","page","type-page","status-publish","hentry"],"_links":{"self":[{"href":"https:\/\/mbrrh.com.ar\/es\/wp-json\/wp\/v2\/pages\/7548","targetHints":{"allow":["GET"]}}],"collection":[{"href":"https:\/\/mbrrh.com.ar\/es\/wp-json\/wp\/v2\/pages"}],"about":[{"href":"https:\/\/mbrrh.com.ar\/es\/wp-json\/wp\/v2\/types\/page"}],"author":[{"embeddable":true,"href":"https:\/\/mbrrh.com.ar\/es\/wp-json\/wp\/v2\/users\/2"}],"replies":[{"embeddable":true,"href":"https:\/\/mbrrh.com.ar\/es\/wp-json\/wp\/v2\/comments?post=7548"}],"version-history":[{"count":0,"href":"https:\/\/mbrrh.com.ar\/es\/wp-json\/wp\/v2\/pages\/7548\/revisions"}],"wp:attachment":[{"href":"https:\/\/mbrrh.com.ar\/es\/wp-json\/wp\/v2\/media?parent=7548"}],"curies":[{"name":"wp","href":"https:\/\/api.w.org\/{rel}","templated":true}]}}