{"id":7550,"date":"2024-11-21T01:56:06","date_gmt":"2024-11-21T04:56:06","guid":{"rendered":"https:\/\/mbrrh.com.ar\/es\/?page_id=7550"},"modified":"2024-12-15T14:38:39","modified_gmt":"2024-12-15T17:38:39","slug":"procesos-de-coaching","status":"publish","type":"page","link":"https:\/\/mbrrh.com.ar\/es\/procesos-de-coaching\/","title":{"rendered":"Procesos de coaching"},"content":{"rendered":"<div class=\"wpb-content-wrapper\"><div   class=\"vc_row wpb_row vc_row-fluid vc_custom_1734273167911 full-width-content \">\n\t<div  class=\"vc_span12 wpb_column vc_column_container \"><div class=\"vc_column-inner \">\n\t\t<div class=\"wpb_wrapper\">\n\t\t\t\n\t<div class=\"wpb_text_column wpb_content_element   ct_v7drjp7lqrndxjf3s0il\" >\n\t\t<div class=\"wpb_wrapper\" >\n\t\t\t\n\n\t\t<\/div> \n\t<\/div> \n\t\t<\/div> <\/div>\n\t<\/div> \n<\/div><div   class=\"vc_row wpb_row vc_row-fluid vc_custom_1734273239966 full-width-section \">\n\t<div  class=\"vc_span12 wpb_column vc_column_container \"><div class=\"vc_column-inner \">\n\t\t<div class=\"wpb_wrapper\">\n\t\t\t\n\t<div class=\"wpb_text_column wpb_content_element   ct_pbf882jk1sl0h96f5n91\" >\n\t\t<div class=\"wpb_wrapper\" >\n\t\t\t<p>Brindamos orientaci\u00f3n a los colaboradores en el marco de una compa\u00f1\u00eda. Tambi\u00e9n realizamos los procesos de coaching a Emprendedores que desean cambiar sus metas o redefinir sus objetivos.<\/p>\n\n\t\t<\/div> \n\t<\/div> <div class=\"vc_empty_space\"   style=\"height: 5px\"><span class=\"vc_empty_space_inner\"><\/span><\/div>\n\t\t<\/div> <\/div>\n\t<\/div> \n<\/div><div   class=\"vc_row wpb_row vc_row-fluid  \">\n\t<div  class=\"vc_span12 wpb_column vc_column_container \"><div class=\"vc_column-inner \">\n\t\t<div class=\"wpb_wrapper\">\n\t\t\t\n\t<div class=\"wpb_text_column wpb_content_element   ct_2ebvx6cox6yl96vsc242\" >\n\t\t<div class=\"wpb_wrapper\" >\n\t\t\t<h3>Contamos con tres tipos de procesos de Coaching:<\/h3>\n\n\t\t<\/div> \n\t<\/div> \n\t\t<\/div> <\/div>\n\t<\/div> \n<\/div><div   class=\"vc_row wpb_row vc_row-fluid  \">\n\t<div  class=\"vc_span12 wpb_column vc_column_container \"><div class=\"vc_column-inner \">\n\t\t<div class=\"wpb_wrapper\">\n\t\t\t\n<!-- lists --><div class=\"rd_list_1_alt rd_list_left\"><style type='text\/css'> @font-face{font-family: 'dr'; src:url('https:\/\/mbrrh.com.ar\/es\/wp-content\/themes\/thefox\/includes\/4k-icons\/icons\/4k-icons-pack01\/icons\/fonts\/dr.eot'); src:url('https:\/\/mbrrh.com.ar\/es\/wp-content\/themes\/thefox\/includes\/4k-icons\/icons\/4k-icons-pack01\/icons\/fonts\/dr.eot?#iefix') format('embedded-opentype'), url('https:\/\/mbrrh.com.ar\/es\/wp-content\/themes\/thefox\/includes\/4k-icons\/icons\/4k-icons-pack01\/icons\/fonts\/dr.woff') format('woff'), url('https:\/\/mbrrh.com.ar\/es\/wp-content\/themes\/thefox\/includes\/4k-icons\/icons\/4k-icons-pack01\/icons\/fonts\/dr.ttf') format('truetype'), url('https:\/\/mbrrh.com.ar\/es\/wp-content\/themes\/thefox\/includes\/4k-icons\/icons\/4k-icons-pack01\/icons\/fonts\/dr.svg#oi') format('svg'); font-weight: normal; font-style: normal;}#rand_orj91qffvmkh6wv77ys2 .dr-checkmark2:before{font-family: 'dr'; font-weight: normal; font-style: normal;}#rand_orj91qffvmkh6wv77ys2 .dr-checkmark2:before{content: \"\\e807\";}<\/style>\n<style type=\"text\/css\" >.rd_list_1 .list_item_ctn { border-color:#ecf0f1}.rd_list_1 #rand_orj91qffvmkh6wv77ys2 .list_icn i,.rd_list_1_alt #rand_orj91qffvmkh6wv77ys2 .list_icn i{color:#005d80;}.rd_list_2 #rand_orj91qffvmkh6wv77ys2:after{background:#2c3e50;}.rd_list_2 #rand_orj91qffvmkh6wv77ys2 .list_icn i{color:#005d80;}.rd_list_3 #rand_orj91qffvmkh6wv77ys2 .list_icn,.rd_list_5 #rand_orj91qffvmkh6wv77ys2 .list_icn,.rd_list_6 #rand_orj91qffvmkh6wv77ys2 .list_icn{background:#005d80;}.rd_list_4 #rand_orj91qffvmkh6wv77ys2{background:#005d80;}#rand_orj91qffvmkh6wv77ys2 h3{color:#222221;}#rand_orj91qffvmkh6wv77ys2 p{color:#2c3e50;}.rd_list_7 #rand_orj91qffvmkh6wv77ys2 .list_icn{color:#005d80;}<\/style><div class=\"list_item_ctn\" id=\"rand_orj91qffvmkh6wv77ys2\"><div class=\"list_icn\"><i class=\"dr-checkmark2\"><\/i><\/div><div class=\"list_desc\"><p>Coaching para la orientaci\u00f3n de carrera, brindamos herramientas para fortalecer las competencias y lograr avances.<br \/>\n<\/p><\/div><\/div><style type='text\/css'> @font-face{font-family: 'dr'; src:url('https:\/\/mbrrh.com.ar\/es\/wp-content\/themes\/thefox\/includes\/4k-icons\/icons\/4k-icons-pack01\/icons\/fonts\/dr.eot'); src:url('https:\/\/mbrrh.com.ar\/es\/wp-content\/themes\/thefox\/includes\/4k-icons\/icons\/4k-icons-pack01\/icons\/fonts\/dr.eot?#iefix') format('embedded-opentype'), url('https:\/\/mbrrh.com.ar\/es\/wp-content\/themes\/thefox\/includes\/4k-icons\/icons\/4k-icons-pack01\/icons\/fonts\/dr.woff') format('woff'), url('https:\/\/mbrrh.com.ar\/es\/wp-content\/themes\/thefox\/includes\/4k-icons\/icons\/4k-icons-pack01\/icons\/fonts\/dr.ttf') format('truetype'), url('https:\/\/mbrrh.com.ar\/es\/wp-content\/themes\/thefox\/includes\/4k-icons\/icons\/4k-icons-pack01\/icons\/fonts\/dr.svg#oi') format('svg'); font-weight: normal; font-style: normal;}#rand_gm1g09d2t9idpuhrqud0 .dr-checkmark2:before{font-family: 'dr'; font-weight: normal; font-style: normal;}#rand_gm1g09d2t9idpuhrqud0 .dr-checkmark2:before{content: \"\\e807\";}<\/style>\n<style type=\"text\/css\" >.rd_list_1 .list_item_ctn { border-color:#ecf0f1}.rd_list_1 #rand_gm1g09d2t9idpuhrqud0 .list_icn i,.rd_list_1_alt #rand_gm1g09d2t9idpuhrqud0 .list_icn i{color:#005d80;}.rd_list_2 #rand_gm1g09d2t9idpuhrqud0:after{background:#2c3e50;}.rd_list_2 #rand_gm1g09d2t9idpuhrqud0 .list_icn i{color:#005d80;}.rd_list_3 #rand_gm1g09d2t9idpuhrqud0 .list_icn,.rd_list_5 #rand_gm1g09d2t9idpuhrqud0 .list_icn,.rd_list_6 #rand_gm1g09d2t9idpuhrqud0 .list_icn{background:#005d80;}.rd_list_4 #rand_gm1g09d2t9idpuhrqud0{background:#005d80;}#rand_gm1g09d2t9idpuhrqud0 h3{color:#222221;}#rand_gm1g09d2t9idpuhrqud0 p{color:#2c3e50;}.rd_list_7 #rand_gm1g09d2t9idpuhrqud0 .list_icn{color:#005d80;}<\/style><div class=\"list_item_ctn\" id=\"rand_gm1g09d2t9idpuhrqud0\"><div class=\"list_icn\"><i class=\"dr-checkmark2\"><\/i><\/div><div class=\"list_desc\"><p>Coaching para reorientar y encauzar la carrera (posterior a procesos de desvinculaciones)<br \/>\n<\/p><\/div><\/div><style type='text\/css'> @font-face{font-family: 'dr'; src:url('https:\/\/mbrrh.com.ar\/es\/wp-content\/themes\/thefox\/includes\/4k-icons\/icons\/4k-icons-pack01\/icons\/fonts\/dr.eot'); src:url('https:\/\/mbrrh.com.ar\/es\/wp-content\/themes\/thefox\/includes\/4k-icons\/icons\/4k-icons-pack01\/icons\/fonts\/dr.eot?#iefix') format('embedded-opentype'), url('https:\/\/mbrrh.com.ar\/es\/wp-content\/themes\/thefox\/includes\/4k-icons\/icons\/4k-icons-pack01\/icons\/fonts\/dr.woff') format('woff'), url('https:\/\/mbrrh.com.ar\/es\/wp-content\/themes\/thefox\/includes\/4k-icons\/icons\/4k-icons-pack01\/icons\/fonts\/dr.ttf') format('truetype'), url('https:\/\/mbrrh.com.ar\/es\/wp-content\/themes\/thefox\/includes\/4k-icons\/icons\/4k-icons-pack01\/icons\/fonts\/dr.svg#oi') format('svg'); font-weight: normal; font-style: normal;}#rand_rm5q2yewvmx2j9mrv0hs .dr-checkmark2:before{font-family: 'dr'; font-weight: normal; font-style: normal;}#rand_rm5q2yewvmx2j9mrv0hs .dr-checkmark2:before{content: \"\\e807\";}<\/style>\n<style type=\"text\/css\" >.rd_list_1 .list_item_ctn { border-color:#ecf0f1}.rd_list_1 #rand_rm5q2yewvmx2j9mrv0hs .list_icn i,.rd_list_1_alt #rand_rm5q2yewvmx2j9mrv0hs .list_icn i{color:#005d80;}.rd_list_2 #rand_rm5q2yewvmx2j9mrv0hs:after{background:#2c3e50;}.rd_list_2 #rand_rm5q2yewvmx2j9mrv0hs .list_icn i{color:#005d80;}.rd_list_3 #rand_rm5q2yewvmx2j9mrv0hs .list_icn,.rd_list_5 #rand_rm5q2yewvmx2j9mrv0hs .list_icn,.rd_list_6 #rand_rm5q2yewvmx2j9mrv0hs .list_icn{background:#005d80;}.rd_list_4 #rand_rm5q2yewvmx2j9mrv0hs{background:#005d80;}#rand_rm5q2yewvmx2j9mrv0hs h3{color:#222221;}#rand_rm5q2yewvmx2j9mrv0hs p{color:#2c3e50;}.rd_list_7 #rand_rm5q2yewvmx2j9mrv0hs .list_icn{color:#005d80;}<\/style><div class=\"list_item_ctn\" id=\"rand_rm5q2yewvmx2j9mrv0hs\"><div class=\"list_icn\"><i class=\"dr-checkmark2\"><\/i><\/div><div class=\"list_desc\"><p>Coaching para Emprendedores.<br \/>\n<\/p><\/div><\/div><\/div>\r\n\r\n<!-- lists END-->\n<div class=\"vc_empty_space\"   style=\"height: 40px\"><span class=\"vc_empty_space_inner\"><\/span><\/div>\n\t\t<\/div> <\/div>\n\t<\/div> \n<\/div><div   class=\"vc_row wpb_row vc_row-fluid vc_custom_1732749404627 vc_row-o-content-middle full-width-section \">\n\t<div  class=\"vc_span6 wpb_column vc_column_container \"><div class=\"vc_column-inner \">\n\t\t<div class=\"wpb_wrapper\">\n\t\t\t<div class=\"vc_empty_space\"   style=\"height: 32px\"><span class=\"vc_empty_space_inner\"><\/span><\/div><h2 style=\"font-size: 18px;color: #FFFFFF;text-align: center;font-family:Montserrat;font-weight:400;font-style:normal\" class=\"vc_custom_heading\" >Cuando tus metas cambian, nosotros te acompa\u00f1amos a redescubrir tu camino.<\/h2>\n\t\t<\/div> <\/div>\n\t<\/div> \n\n\t<div  class=\"vc_span6 wpb_column vc_column_container \"><div class=\"vc_column-inner \">\n\t\t<div class=\"wpb_wrapper\">\n\t\t\t<style type=\"text\/css\" >#b_zsk7s0lut6h1xzn9491p a{color:#FFFFFF; background:#005D80; border-style:solid; border-color:#FFFFFF; margin-top:0px; margin-bottom:0px;  margin-left:0px; margin-right:0px; font-weight:500; border-radius:0px;}#b_zsk7s0lut6h1xzn9491p a:hover{color:#005D80 ; background:#FFFFFF ; border-color:#FFFFFF;}<\/style><div class=\"ta_center tf_btn_pos\" id=\"b_zsk7s0lut6h1xzn9491p\" ><a class=\"rd_stroke_bt small_rd_bt border_1px  \" href=\"https:\/\/mbrrh.com.ar\/es\/contacto\/\" target=\"\"   >INICIA TU PROCESO DE COACHING<\/a><\/div>\n\t\t<\/div> <\/div>\n\t<\/div> \n<\/div>\n<\/div>","protected":false},"excerpt":{"rendered":"<p>Brindamos orientaci\u00f3n a los colaboradores en el marco de una compa\u00f1\u00eda. Tambi\u00e9n realizamos los procesos de coaching a Emprendedores que desean cambiar sus metas o redefinir sus objetivos. Contamos con tres tipos de procesos de Coaching: Coaching para la orientaci\u00f3n de carrera, brindamos herramientas para fortalecer las competencias y lograr avances. Coaching para reorientar y<br \/><a href=\"https:\/\/mbrrh.com.ar\/es\/procesos-de-coaching\/\" class=\"more\">Read more<\/a><\/p>\n","protected":false},"author":2,"featured_media":0,"parent":0,"menu_order":0,"comment_status":"closed","ping_status":"closed","template":"","meta":{"footnotes":""},"class_list":["post-7550","page","type-page","status-publish","hentry"],"_links":{"self":[{"href":"https:\/\/mbrrh.com.ar\/es\/wp-json\/wp\/v2\/pages\/7550","targetHints":{"allow":["GET"]}}],"collection":[{"href":"https:\/\/mbrrh.com.ar\/es\/wp-json\/wp\/v2\/pages"}],"about":[{"href":"https:\/\/mbrrh.com.ar\/es\/wp-json\/wp\/v2\/types\/page"}],"author":[{"embeddable":true,"href":"https:\/\/mbrrh.com.ar\/es\/wp-json\/wp\/v2\/users\/2"}],"replies":[{"embeddable":true,"href":"https:\/\/mbrrh.com.ar\/es\/wp-json\/wp\/v2\/comments?post=7550"}],"version-history":[{"count":0,"href":"https:\/\/mbrrh.com.ar\/es\/wp-json\/wp\/v2\/pages\/7550\/revisions"}],"wp:attachment":[{"href":"https:\/\/mbrrh.com.ar\/es\/wp-json\/wp\/v2\/media?parent=7550"}],"curies":[{"name":"wp","href":"https:\/\/api.w.org\/{rel}","templated":true}]}}